{"id":31540,"date":"2025-10-24T11:23:56","date_gmt":"2025-10-24T10:23:56","guid":{"rendered":"https:\/\/www.zebemusic.com\/product\/hallelujah-%e2%ac%87%ef%b8%8f\/"},"modified":"2026-03-30T22:03:52","modified_gmt":"2026-03-30T21:03:52","slug":"hallelujah-%e2%ac%87%ef%b8%8f","status":"publish","type":"product","link":"https:\/\/www.zebemusic.com\/fr\/product\/hallelujah-%e2%ac%87%ef%b8%8f\/","title":{"rendered":"Hallelujah \u2b07\ufe0f"},"content":{"rendered":"<p>schlenkermusic<\/p>\n<p>Hallelujah<\/p>\n","protected":false},"excerpt":{"rendered":"<p>Vous trouverez ici l&#8217;\u00e9dition avec la partie vocale de la chanson de Niko Schlenker.<br \/>\nLa version t\u00e9l\u00e9chargeable contient \u00e9galement un PDF gratuit de l&#8217;accompagnement.<\/p>\n<p>Veuillez commander des partitions de ch\u0153ur en fonction du nombre de vos choristes. La quantit\u00e9 minimale de commande est de 15 exemplaires. <\/p>\n<p>&nbsp;<\/p>\n[audio mp3=\"https:\/\/www.zebemusic.com\/wp-content\/uploads\/2025\/10\/06-Hallelujah-2.mp3\"][\/audio]\n<p>&nbsp;<\/p>\n<hr>\n<p><strong>\u2022 SATB, Solo + Piano<\/strong> (ZE 4083) <a href=\"https:\/\/www.zebemusic.com\/fr\/product\/greater-than-anything\/\" target=\"_blank\" rel=\"noopener\">Greater Than Anything<\/a>, T\u00e9l\u00e9chargement au format PDF de la partie de ch\u0153ur et de la partition, \u20ac 1,49<\/p>\n<p><strong>\u2022 Playback zum Download<\/strong>, \u20ac 4,99<\/p>\n<p>&nbsp;<\/p>\n<p>Veuillez s\u00e9lectionner ici :<\/p>\n","protected":false},"featured_media":29627,"template":"","meta":{"_acf_changed":false},"product_brand":[],"product_cat":[879,130,131,1609,878],"product_tag":[1603],"class_list":{"0":"post-31540","1":"product","2":"type-product","3":"status-publish","4":"has-post-thumbnail","6":"product_cat-editions-individuelles","7":"product_cat-gospel","8":"product_cat-jazz-fr","9":"product_cat-quantite-minimale","10":"product_cat-telechargement-de-musique","11":"product_tag-ea-fr","12":"pa_language-anglais","13":"pa_occ-communion-eucharistie","14":"pa_occ-liturgie-fr","15":"pa_others-editions-uniques","16":"pa_others-downloads-fr","17":"pa_style-genre-ballade-fr","18":"pa_style-genre-worship-fr","19":"pa_style-genre-contemporary-fr","20":"pa_variation-melodiepiano-telechargement-pdf","21":"pa_variation-playback-mp3-telecharger","22":"pa_variation-sab-telechargement-pdf","23":"pa_variation-sab-version-imprimee","24":"pa_variation-satb-telechargement-pdf","25":"pa_variation-satb-version-imprimee","26":"pa_variation-ssa-telechargement-de-pdf","27":"pa_variation-ssa-version-imprimee","28":"pa_voicing-accompagne","29":"pa_voicing-avec-soliste","30":"pa_voicing-satb-fr","32":"first","33":"instock","34":"taxable","35":"shipping-taxable","36":"purchasable","37":"product-type-variable","38":"has-default-attributes"},"acf":[],"yoast_head":"<!-- This site is optimized with the Yoast SEO plugin v27.3 - https:\/\/yoast.com\/product\/yoast-seo-wordpress\/ -->\n<title>Hallelujah \u2b07\ufe0f Notendownload<\/title>\n<meta name=\"description\" content=\"Ballade gospel pour ch\u0153ur mixte avec accompagnement, \u00e9galement disponible en t\u00e9l\u00e9chargement ! Du gospel contemporain pour ton ch\u0153ur !\" \/>\n<meta name=\"robots\" content=\"index, follow, max-snippet:-1, max-image-preview:large, max-video-preview:-1\" \/>\n<link rel=\"canonical\" href=\"https:\/\/www.zebemusic.com\/fr\/product\/hallelujah-\u2b07\ufe0f\/\" \/>\n<meta property=\"og:locale\" content=\"fr_FR\" \/>\n<meta property=\"og:type\" content=\"article\" \/>\n<meta property=\"og:title\" content=\"Hallelujah \u2b07\ufe0f Notendownload\" \/>\n<meta property=\"og:description\" content=\"Ballade gospel pour ch\u0153ur mixte avec accompagnement, \u00e9galement disponible en t\u00e9l\u00e9chargement ! Du gospel contemporain pour ton ch\u0153ur !\" \/>\n<meta property=\"og:url\" content=\"https:\/\/www.zebemusic.com\/fr\/product\/hallelujah-\u2b07\ufe0f\/\" \/>\n<meta property=\"og:site_name\" content=\"ZebeMusic\" \/>\n<meta property=\"article:publisher\" content=\"https:\/\/www.facebook.com\/zebemusic\" \/>\n<meta property=\"article:modified_time\" content=\"2026-03-30T21:03:52+00:00\" \/>\n<meta property=\"og:image\" content=\"https:\/\/www.zebemusic.com\/wp-content\/uploads\/2025\/10\/ZEBE4070-DL.jpg\" \/>\n\t<meta property=\"og:image:width\" content=\"1181\" \/>\n\t<meta property=\"og:image:height\" content=\"1563\" \/>\n\t<meta property=\"og:image:type\" content=\"image\/jpeg\" \/>\n<meta name=\"twitter:card\" content=\"summary_large_image\" \/>\n<script type=\"application\/ld+json\" class=\"yoast-schema-graph\">{\"@context\":\"https:\\\/\\\/schema.org\",\"@graph\":[{\"@type\":\"WebPage\",\"@id\":\"https:\\\/\\\/www.zebemusic.com\\\/fr\\\/product\\\/hallelujah-%e2%ac%87%ef%b8%8f\\\/\",\"url\":\"https:\\\/\\\/www.zebemusic.com\\\/fr\\\/product\\\/hallelujah-%e2%ac%87%ef%b8%8f\\\/\",\"name\":\"Hallelujah \u2b07\ufe0f Notendownload\",\"isPartOf\":{\"@id\":\"https:\\\/\\\/www.zebemusic.com\\\/de\\\/#website\"},\"primaryImageOfPage\":{\"@id\":\"https:\\\/\\\/www.zebemusic.com\\\/fr\\\/product\\\/hallelujah-%e2%ac%87%ef%b8%8f\\\/#primaryimage\"},\"image\":{\"@id\":\"https:\\\/\\\/www.zebemusic.com\\\/fr\\\/product\\\/hallelujah-%e2%ac%87%ef%b8%8f\\\/#primaryimage\"},\"thumbnailUrl\":\"https:\\\/\\\/www.zebemusic.com\\\/wp-content\\\/uploads\\\/2025\\\/10\\\/ZEBE4070-DL.jpg\",\"datePublished\":\"2025-10-24T10:23:56+00:00\",\"dateModified\":\"2026-03-30T21:03:52+00:00\",\"description\":\"Ballade gospel pour ch\u0153ur mixte avec accompagnement, \u00e9galement disponible en t\u00e9l\u00e9chargement ! Du gospel contemporain pour ton ch\u0153ur !\",\"breadcrumb\":{\"@id\":\"https:\\\/\\\/www.zebemusic.com\\\/fr\\\/product\\\/hallelujah-%e2%ac%87%ef%b8%8f\\\/#breadcrumb\"},\"inLanguage\":\"fr-FR\",\"potentialAction\":[{\"@type\":\"ReadAction\",\"target\":[\"https:\\\/\\\/www.zebemusic.com\\\/fr\\\/product\\\/hallelujah-%e2%ac%87%ef%b8%8f\\\/\"]}]},{\"@type\":\"ImageObject\",\"inLanguage\":\"fr-FR\",\"@id\":\"https:\\\/\\\/www.zebemusic.com\\\/fr\\\/product\\\/hallelujah-%e2%ac%87%ef%b8%8f\\\/#primaryimage\",\"url\":\"https:\\\/\\\/www.zebemusic.com\\\/wp-content\\\/uploads\\\/2025\\\/10\\\/ZEBE4070-DL.jpg\",\"contentUrl\":\"https:\\\/\\\/www.zebemusic.com\\\/wp-content\\\/uploads\\\/2025\\\/10\\\/ZEBE4070-DL.jpg\",\"width\":1181,\"height\":1563},{\"@type\":\"BreadcrumbList\",\"@id\":\"https:\\\/\\\/www.zebemusic.com\\\/fr\\\/product\\\/hallelujah-%e2%ac%87%ef%b8%8f\\\/#breadcrumb\",\"itemListElement\":[{\"@type\":\"ListItem\",\"position\":1,\"name\":\"Shop\",\"item\":\"https:\\\/\\\/www.zebemusic.com\\\/fr\\\/shop\\\/\"},{\"@type\":\"ListItem\",\"position\":2,\"name\":\"Hallelujah \u2b07\ufe0f\"}]},{\"@type\":\"WebSite\",\"@id\":\"https:\\\/\\\/www.zebemusic.com\\\/de\\\/#website\",\"url\":\"https:\\\/\\\/www.zebemusic.com\\\/de\\\/\",\"name\":\"ZebeMusic\",\"description\":\"vous incite a chanter.\",\"publisher\":{\"@id\":\"https:\\\/\\\/www.zebemusic.com\\\/de\\\/#organization\"},\"alternateName\":\"Gospelnoten & Kindermusicals\",\"potentialAction\":[{\"@type\":\"SearchAction\",\"target\":{\"@type\":\"EntryPoint\",\"urlTemplate\":\"https:\\\/\\\/www.zebemusic.com\\\/de\\\/?s={search_term_string}\"},\"query-input\":{\"@type\":\"PropertyValueSpecification\",\"valueRequired\":true,\"valueName\":\"search_term_string\"}}],\"inLanguage\":\"fr-FR\"},{\"@type\":\"Organization\",\"@id\":\"https:\\\/\\\/www.zebemusic.com\\\/de\\\/#organization\",\"name\":\"ZebeMusic\",\"url\":\"https:\\\/\\\/www.zebemusic.com\\\/de\\\/\",\"logo\":{\"@type\":\"ImageObject\",\"inLanguage\":\"fr-FR\",\"@id\":\"https:\\\/\\\/www.zebemusic.com\\\/de\\\/#\\\/schema\\\/logo\\\/image\\\/\",\"url\":\"https:\\\/\\\/www.zebemusic.com\\\/wp-content\\\/uploads\\\/2025\\\/10\\\/ZEBE-Logo_ZW-makesyousing.jpg\",\"contentUrl\":\"https:\\\/\\\/www.zebemusic.com\\\/wp-content\\\/uploads\\\/2025\\\/10\\\/ZEBE-Logo_ZW-makesyousing.jpg\",\"width\":2212,\"height\":958,\"caption\":\"ZebeMusic\"},\"image\":{\"@id\":\"https:\\\/\\\/www.zebemusic.com\\\/de\\\/#\\\/schema\\\/logo\\\/image\\\/\"},\"sameAs\":[\"https:\\\/\\\/www.facebook.com\\\/zebemusic\",\"https:\\\/\\\/www.instagram.com\\\/zebemusic\",\"https:\\\/\\\/www.youtube.com\\\/zebemusicberlin\"]}]}<\/script>\n<!-- \/ Yoast SEO plugin. -->","yoast_head_json":{"title":"Hallelujah \u2b07\ufe0f Notendownload","description":"Ballade gospel pour ch\u0153ur mixte avec accompagnement, \u00e9galement disponible en t\u00e9l\u00e9chargement ! Du gospel contemporain pour ton ch\u0153ur !","robots":{"index":"index","follow":"follow","max-snippet":"max-snippet:-1","max-image-preview":"max-image-preview:large","max-video-preview":"max-video-preview:-1"},"canonical":"https:\/\/www.zebemusic.com\/fr\/product\/hallelujah-\u2b07\ufe0f\/","og_locale":"fr_FR","og_type":"article","og_title":"Hallelujah \u2b07\ufe0f Notendownload","og_description":"Ballade gospel pour ch\u0153ur mixte avec accompagnement, \u00e9galement disponible en t\u00e9l\u00e9chargement ! Du gospel contemporain pour ton ch\u0153ur !","og_url":"https:\/\/www.zebemusic.com\/fr\/product\/hallelujah-\u2b07\ufe0f\/","og_site_name":"ZebeMusic","article_publisher":"https:\/\/www.facebook.com\/zebemusic","article_modified_time":"2026-03-30T21:03:52+00:00","og_image":[{"width":1181,"height":1563,"url":"https:\/\/www.zebemusic.com\/wp-content\/uploads\/2025\/10\/ZEBE4070-DL.jpg","type":"image\/jpeg"}],"twitter_card":"summary_large_image","schema":{"@context":"https:\/\/schema.org","@graph":[{"@type":"WebPage","@id":"https:\/\/www.zebemusic.com\/fr\/product\/hallelujah-%e2%ac%87%ef%b8%8f\/","url":"https:\/\/www.zebemusic.com\/fr\/product\/hallelujah-%e2%ac%87%ef%b8%8f\/","name":"Hallelujah \u2b07\ufe0f Notendownload","isPartOf":{"@id":"https:\/\/www.zebemusic.com\/de\/#website"},"primaryImageOfPage":{"@id":"https:\/\/www.zebemusic.com\/fr\/product\/hallelujah-%e2%ac%87%ef%b8%8f\/#primaryimage"},"image":{"@id":"https:\/\/www.zebemusic.com\/fr\/product\/hallelujah-%e2%ac%87%ef%b8%8f\/#primaryimage"},"thumbnailUrl":"https:\/\/www.zebemusic.com\/wp-content\/uploads\/2025\/10\/ZEBE4070-DL.jpg","datePublished":"2025-10-24T10:23:56+00:00","dateModified":"2026-03-30T21:03:52+00:00","description":"Ballade gospel pour ch\u0153ur mixte avec accompagnement, \u00e9galement disponible en t\u00e9l\u00e9chargement ! Du gospel contemporain pour ton ch\u0153ur !","breadcrumb":{"@id":"https:\/\/www.zebemusic.com\/fr\/product\/hallelujah-%e2%ac%87%ef%b8%8f\/#breadcrumb"},"inLanguage":"fr-FR","potentialAction":[{"@type":"ReadAction","target":["https:\/\/www.zebemusic.com\/fr\/product\/hallelujah-%e2%ac%87%ef%b8%8f\/"]}]},{"@type":"ImageObject","inLanguage":"fr-FR","@id":"https:\/\/www.zebemusic.com\/fr\/product\/hallelujah-%e2%ac%87%ef%b8%8f\/#primaryimage","url":"https:\/\/www.zebemusic.com\/wp-content\/uploads\/2025\/10\/ZEBE4070-DL.jpg","contentUrl":"https:\/\/www.zebemusic.com\/wp-content\/uploads\/2025\/10\/ZEBE4070-DL.jpg","width":1181,"height":1563},{"@type":"BreadcrumbList","@id":"https:\/\/www.zebemusic.com\/fr\/product\/hallelujah-%e2%ac%87%ef%b8%8f\/#breadcrumb","itemListElement":[{"@type":"ListItem","position":1,"name":"Shop","item":"https:\/\/www.zebemusic.com\/fr\/shop\/"},{"@type":"ListItem","position":2,"name":"Hallelujah \u2b07\ufe0f"}]},{"@type":"WebSite","@id":"https:\/\/www.zebemusic.com\/de\/#website","url":"https:\/\/www.zebemusic.com\/de\/","name":"ZebeMusic","description":"vous incite a chanter.","publisher":{"@id":"https:\/\/www.zebemusic.com\/de\/#organization"},"alternateName":"Gospelnoten & Kindermusicals","potentialAction":[{"@type":"SearchAction","target":{"@type":"EntryPoint","urlTemplate":"https:\/\/www.zebemusic.com\/de\/?s={search_term_string}"},"query-input":{"@type":"PropertyValueSpecification","valueRequired":true,"valueName":"search_term_string"}}],"inLanguage":"fr-FR"},{"@type":"Organization","@id":"https:\/\/www.zebemusic.com\/de\/#organization","name":"ZebeMusic","url":"https:\/\/www.zebemusic.com\/de\/","logo":{"@type":"ImageObject","inLanguage":"fr-FR","@id":"https:\/\/www.zebemusic.com\/de\/#\/schema\/logo\/image\/","url":"https:\/\/www.zebemusic.com\/wp-content\/uploads\/2025\/10\/ZEBE-Logo_ZW-makesyousing.jpg","contentUrl":"https:\/\/www.zebemusic.com\/wp-content\/uploads\/2025\/10\/ZEBE-Logo_ZW-makesyousing.jpg","width":2212,"height":958,"caption":"ZebeMusic"},"image":{"@id":"https:\/\/www.zebemusic.com\/de\/#\/schema\/logo\/image\/"},"sameAs":["https:\/\/www.facebook.com\/zebemusic","https:\/\/www.instagram.com\/zebemusic","https:\/\/www.youtube.com\/zebemusicberlin"]}]}},"_links":{"self":[{"href":"https:\/\/www.zebemusic.com\/fr\/wp-json\/wp\/v2\/product\/31540","targetHints":{"allow":["GET"]}}],"collection":[{"href":"https:\/\/www.zebemusic.com\/fr\/wp-json\/wp\/v2\/product"}],"about":[{"href":"https:\/\/www.zebemusic.com\/fr\/wp-json\/wp\/v2\/types\/product"}],"wp:featuredmedia":[{"embeddable":true,"href":"https:\/\/www.zebemusic.com\/fr\/wp-json\/wp\/v2\/media\/29627"}],"wp:attachment":[{"href":"https:\/\/www.zebemusic.com\/fr\/wp-json\/wp\/v2\/media?parent=31540"}],"wp:term":[{"taxonomy":"product_brand","embeddable":true,"href":"https:\/\/www.zebemusic.com\/fr\/wp-json\/wp\/v2\/product_brand?post=31540"},{"taxonomy":"product_cat","embeddable":true,"href":"https:\/\/www.zebemusic.com\/fr\/wp-json\/wp\/v2\/product_cat?post=31540"},{"taxonomy":"product_tag","embeddable":true,"href":"https:\/\/www.zebemusic.com\/fr\/wp-json\/wp\/v2\/product_tag?post=31540"}],"curies":[{"name":"wp","href":"https:\/\/api.w.org\/{rel}","templated":true}]}}