{"id":31666,"date":"2026-04-13T20:31:06","date_gmt":"2026-04-13T19:31:06","guid":{"rendered":"https:\/\/www.zebemusic.com\/?post_type=product&#038;p=31666"},"modified":"2026-04-13T21:05:20","modified_gmt":"2026-04-13T20:05:20","slug":"gospel-keys-bits-n-pieces-for-piano-copy-2","status":"publish","type":"product","link":"https:\/\/www.zebemusic.com\/fr\/product\/gospel-keys-bits-n-pieces-for-piano-copy-2\/","title":{"rendered":"Amazing Grace (Piano) \u2b07\ufe0f"},"content":{"rendered":"<p>gospelpiano<\/p>\n","protected":false},"excerpt":{"rendered":"<p>Ce c\u00e9l\u00e8bre gospel est pr\u00e9sent\u00e9 ici dans une version pour piano aux harmonies modernes et au phras\u00e9 typique du genre.<\/p>\n<p>La premi\u00e8re partie r\u00e9sonne dans un splendide la majeur et doit \u00eatre jou\u00e9e de mani\u00e8re plut\u00f4t calme et quelque peu libre. Avec fougue, puissance et un doigt\u00e9 somptueux, nous entrons dans la deuxi\u00e8me partie dans un si b\u00e9mol majeur terre-\u00e0-terre. La conclusion dans les derni\u00e8res mesures boucle la boucle pour revenir \u00e0 la premi\u00e8re partie. Vous allez adorer cet arrangement, tout comme vos auditeurs.<\/p>\n<p>&nbsp;<\/p>\n<p><strong>&#8220;Une composition qui en vaut la peine!&#8221;<\/strong> (crossOver)<\/p>\n<p>&nbsp;<\/p>\n<p>\u00c9chantillon audio :<\/p>\n[audio mp3=\"https:\/\/www.zebemusic.com\/wp-content\/uploads\/2026\/04\/ZE_1520.08.mp3\"][\/audio]\n<p>&nbsp;<\/p>\n<p>Author: <a href=\"https:\/\/www.zebemusic.com\/fr\/stephanzebe\/\">Stephan Zebe<\/a><br \/>\nInstrumentation: piano solo<br \/>\nLevel of difficulty: medium-difficult<\/p>\n<p>Order no.: ZE 1520.08<br \/>\nPrice: Download PDF File \u20ac 2,99<br \/>\nFrom <a href=\"https:\/\/www.zebemusic.com\/fr\/product\/gospel-piano\/\"><em>Gospel Keys &#8211; <\/em><i>Bits \u2019n Pieces For Piano<\/i><\/a><\/p>\n<p>&nbsp;<\/p>\n<p>&nbsp;<\/p>\n","protected":false},"featured_media":31627,"template":"","meta":{"_acf_changed":false},"product_brand":[],"product_cat":[130],"product_tag":[],"class_list":{"0":"post-31666","1":"product","2":"type-product","3":"status-publish","4":"has-post-thumbnail","6":"product_cat-gospel","7":"pa_ausfuehrung-edition-imprimee","8":"pa_ausfuehrung-telecharger-le-produit","9":"pa_diff-difficile","10":"pa_diff-moyen","11":"pa_occ-communion-eucharistie","12":"pa_occ-liturgie-fr","13":"pa_occ-noel","14":"pa_others-collections-fr","15":"pa_others-downloads-fr","16":"pa_style-genre-adaptations-chorales","17":"pa_style-genre-ballade-fr","18":"pa_style-genre-gospel-fr","19":"pa_style-genre-contemporary-fr","20":"pa_style-genre-chant-de-congregation","21":"pa_style-genre-traditional-gospel-style-fr","22":"pa_voicing-instrumental-fr","24":"first","25":"instock","26":"taxable","27":"shipping-taxable","28":"purchasable","29":"product-type-variable","30":"has-default-attributes"},"acf":[],"yoast_head":"<!-- This site is optimized with the Yoast SEO plugin v27.3 - https:\/\/yoast.com\/product\/yoast-seo-wordpress\/ -->\n<title>Amazing Grace (Piano) \u2b07\ufe0f - Gospelpiano!<\/title>\n<meta name=\"description\" content=\"Gospel piano for beginners and advanced players. Typical voicings and licks to imitate in 10 pieces for lessons and performance.\" \/>\n<meta name=\"robots\" content=\"index, follow, max-snippet:-1, max-image-preview:large, max-video-preview:-1\" \/>\n<link rel=\"canonical\" href=\"https:\/\/www.zebemusic.com\/fr\/product\/gospel-keys-bits-n-pieces-for-piano-copy-2\/\" \/>\n<meta property=\"og:locale\" content=\"fr_FR\" \/>\n<meta property=\"og:type\" content=\"article\" \/>\n<meta property=\"og:title\" content=\"Amazing Grace (Piano) \u2b07\ufe0f - Gospelpiano!\" \/>\n<meta property=\"og:description\" content=\"Gospel piano for beginners and advanced players. Typical voicings and licks to imitate in 10 pieces for lessons and performance.\" \/>\n<meta property=\"og:url\" content=\"https:\/\/www.zebemusic.com\/fr\/product\/gospel-keys-bits-n-pieces-for-piano-copy-2\/\" \/>\n<meta property=\"og:site_name\" content=\"ZebeMusic\" \/>\n<meta property=\"article:publisher\" content=\"https:\/\/www.facebook.com\/zebemusic\" \/>\n<meta property=\"article:modified_time\" content=\"2026-04-13T20:05:20+00:00\" \/>\n<meta property=\"og:image\" content=\"https:\/\/www.zebemusic.com\/wp-content\/uploads\/2014\/11\/PRODUKTBILD-ZEBE1520.jpg\" \/>\n\t<meta property=\"og:image:width\" content=\"1526\" \/>\n\t<meta property=\"og:image:height\" content=\"1992\" \/>\n\t<meta property=\"og:image:type\" content=\"image\/jpeg\" \/>\n<meta name=\"twitter:card\" content=\"summary_large_image\" \/>\n<meta name=\"twitter:label1\" content=\"Est. reading time\" \/>\n\t<meta name=\"twitter:data1\" content=\"1 minute\" \/>\n<script type=\"application\/ld+json\" class=\"yoast-schema-graph\">{\"@context\":\"https:\\\/\\\/schema.org\",\"@graph\":[{\"@type\":\"WebPage\",\"@id\":\"https:\\\/\\\/www.zebemusic.com\\\/fr\\\/product\\\/gospel-keys-bits-n-pieces-for-piano-copy-2\\\/\",\"url\":\"https:\\\/\\\/www.zebemusic.com\\\/fr\\\/product\\\/gospel-keys-bits-n-pieces-for-piano-copy-2\\\/\",\"name\":\"Amazing Grace (Piano) \u2b07\ufe0f - Gospelpiano!\",\"isPartOf\":{\"@id\":\"https:\\\/\\\/www.zebemusic.com\\\/de\\\/#website\"},\"primaryImageOfPage\":{\"@id\":\"https:\\\/\\\/www.zebemusic.com\\\/fr\\\/product\\\/gospel-keys-bits-n-pieces-for-piano-copy-2\\\/#primaryimage\"},\"image\":{\"@id\":\"https:\\\/\\\/www.zebemusic.com\\\/fr\\\/product\\\/gospel-keys-bits-n-pieces-for-piano-copy-2\\\/#primaryimage\"},\"thumbnailUrl\":\"https:\\\/\\\/www.zebemusic.com\\\/wp-content\\\/uploads\\\/2014\\\/11\\\/PRODUKTBILD-ZEBE1520.jpg\",\"datePublished\":\"2026-04-13T19:31:06+00:00\",\"dateModified\":\"2026-04-13T20:05:20+00:00\",\"description\":\"Gospel piano for beginners and advanced players. Typical voicings and licks to imitate in 10 pieces for lessons and performance.\",\"breadcrumb\":{\"@id\":\"https:\\\/\\\/www.zebemusic.com\\\/fr\\\/product\\\/gospel-keys-bits-n-pieces-for-piano-copy-2\\\/#breadcrumb\"},\"inLanguage\":\"fr-FR\",\"potentialAction\":[{\"@type\":\"ReadAction\",\"target\":[\"https:\\\/\\\/www.zebemusic.com\\\/fr\\\/product\\\/gospel-keys-bits-n-pieces-for-piano-copy-2\\\/\"]}]},{\"@type\":\"ImageObject\",\"inLanguage\":\"fr-FR\",\"@id\":\"https:\\\/\\\/www.zebemusic.com\\\/fr\\\/product\\\/gospel-keys-bits-n-pieces-for-piano-copy-2\\\/#primaryimage\",\"url\":\"https:\\\/\\\/www.zebemusic.com\\\/wp-content\\\/uploads\\\/2014\\\/11\\\/PRODUKTBILD-ZEBE1520.jpg\",\"contentUrl\":\"https:\\\/\\\/www.zebemusic.com\\\/wp-content\\\/uploads\\\/2014\\\/11\\\/PRODUKTBILD-ZEBE1520.jpg\",\"width\":1526,\"height\":1992},{\"@type\":\"BreadcrumbList\",\"@id\":\"https:\\\/\\\/www.zebemusic.com\\\/fr\\\/product\\\/gospel-keys-bits-n-pieces-for-piano-copy-2\\\/#breadcrumb\",\"itemListElement\":[{\"@type\":\"ListItem\",\"position\":1,\"name\":\"Shop\",\"item\":\"https:\\\/\\\/www.zebemusic.com\\\/fr\\\/shop\\\/\"},{\"@type\":\"ListItem\",\"position\":2,\"name\":\"Amazing Grace (Piano) \u2b07\ufe0f\"}]},{\"@type\":\"WebSite\",\"@id\":\"https:\\\/\\\/www.zebemusic.com\\\/de\\\/#website\",\"url\":\"https:\\\/\\\/www.zebemusic.com\\\/de\\\/\",\"name\":\"ZebeMusic\",\"description\":\"vous incite a chanter.\",\"publisher\":{\"@id\":\"https:\\\/\\\/www.zebemusic.com\\\/de\\\/#organization\"},\"alternateName\":\"Gospelnoten & Kindermusicals\",\"potentialAction\":[{\"@type\":\"SearchAction\",\"target\":{\"@type\":\"EntryPoint\",\"urlTemplate\":\"https:\\\/\\\/www.zebemusic.com\\\/de\\\/?s={search_term_string}\"},\"query-input\":{\"@type\":\"PropertyValueSpecification\",\"valueRequired\":true,\"valueName\":\"search_term_string\"}}],\"inLanguage\":\"fr-FR\"},{\"@type\":\"Organization\",\"@id\":\"https:\\\/\\\/www.zebemusic.com\\\/de\\\/#organization\",\"name\":\"ZebeMusic\",\"url\":\"https:\\\/\\\/www.zebemusic.com\\\/de\\\/\",\"logo\":{\"@type\":\"ImageObject\",\"inLanguage\":\"fr-FR\",\"@id\":\"https:\\\/\\\/www.zebemusic.com\\\/de\\\/#\\\/schema\\\/logo\\\/image\\\/\",\"url\":\"https:\\\/\\\/www.zebemusic.com\\\/wp-content\\\/uploads\\\/2025\\\/10\\\/ZEBE-Logo_ZW-makesyousing.jpg\",\"contentUrl\":\"https:\\\/\\\/www.zebemusic.com\\\/wp-content\\\/uploads\\\/2025\\\/10\\\/ZEBE-Logo_ZW-makesyousing.jpg\",\"width\":2212,\"height\":958,\"caption\":\"ZebeMusic\"},\"image\":{\"@id\":\"https:\\\/\\\/www.zebemusic.com\\\/de\\\/#\\\/schema\\\/logo\\\/image\\\/\"},\"sameAs\":[\"https:\\\/\\\/www.facebook.com\\\/zebemusic\",\"https:\\\/\\\/www.instagram.com\\\/zebemusic\",\"https:\\\/\\\/www.youtube.com\\\/zebemusicberlin\"]}]}<\/script>\n<!-- \/ Yoast SEO plugin. -->","yoast_head_json":{"title":"Amazing Grace (Piano) \u2b07\ufe0f - Gospelpiano!","description":"Gospel piano for beginners and advanced players. Typical voicings and licks to imitate in 10 pieces for lessons and performance.","robots":{"index":"index","follow":"follow","max-snippet":"max-snippet:-1","max-image-preview":"max-image-preview:large","max-video-preview":"max-video-preview:-1"},"canonical":"https:\/\/www.zebemusic.com\/fr\/product\/gospel-keys-bits-n-pieces-for-piano-copy-2\/","og_locale":"fr_FR","og_type":"article","og_title":"Amazing Grace (Piano) \u2b07\ufe0f - Gospelpiano!","og_description":"Gospel piano for beginners and advanced players. Typical voicings and licks to imitate in 10 pieces for lessons and performance.","og_url":"https:\/\/www.zebemusic.com\/fr\/product\/gospel-keys-bits-n-pieces-for-piano-copy-2\/","og_site_name":"ZebeMusic","article_publisher":"https:\/\/www.facebook.com\/zebemusic","article_modified_time":"2026-04-13T20:05:20+00:00","og_image":[{"width":1526,"height":1992,"url":"https:\/\/www.zebemusic.com\/wp-content\/uploads\/2014\/11\/PRODUKTBILD-ZEBE1520.jpg","type":"image\/jpeg"}],"twitter_card":"summary_large_image","twitter_misc":{"Est. reading time":"1 minute"},"schema":{"@context":"https:\/\/schema.org","@graph":[{"@type":"WebPage","@id":"https:\/\/www.zebemusic.com\/fr\/product\/gospel-keys-bits-n-pieces-for-piano-copy-2\/","url":"https:\/\/www.zebemusic.com\/fr\/product\/gospel-keys-bits-n-pieces-for-piano-copy-2\/","name":"Amazing Grace (Piano) \u2b07\ufe0f - Gospelpiano!","isPartOf":{"@id":"https:\/\/www.zebemusic.com\/de\/#website"},"primaryImageOfPage":{"@id":"https:\/\/www.zebemusic.com\/fr\/product\/gospel-keys-bits-n-pieces-for-piano-copy-2\/#primaryimage"},"image":{"@id":"https:\/\/www.zebemusic.com\/fr\/product\/gospel-keys-bits-n-pieces-for-piano-copy-2\/#primaryimage"},"thumbnailUrl":"https:\/\/www.zebemusic.com\/wp-content\/uploads\/2014\/11\/PRODUKTBILD-ZEBE1520.jpg","datePublished":"2026-04-13T19:31:06+00:00","dateModified":"2026-04-13T20:05:20+00:00","description":"Gospel piano for beginners and advanced players. Typical voicings and licks to imitate in 10 pieces for lessons and performance.","breadcrumb":{"@id":"https:\/\/www.zebemusic.com\/fr\/product\/gospel-keys-bits-n-pieces-for-piano-copy-2\/#breadcrumb"},"inLanguage":"fr-FR","potentialAction":[{"@type":"ReadAction","target":["https:\/\/www.zebemusic.com\/fr\/product\/gospel-keys-bits-n-pieces-for-piano-copy-2\/"]}]},{"@type":"ImageObject","inLanguage":"fr-FR","@id":"https:\/\/www.zebemusic.com\/fr\/product\/gospel-keys-bits-n-pieces-for-piano-copy-2\/#primaryimage","url":"https:\/\/www.zebemusic.com\/wp-content\/uploads\/2014\/11\/PRODUKTBILD-ZEBE1520.jpg","contentUrl":"https:\/\/www.zebemusic.com\/wp-content\/uploads\/2014\/11\/PRODUKTBILD-ZEBE1520.jpg","width":1526,"height":1992},{"@type":"BreadcrumbList","@id":"https:\/\/www.zebemusic.com\/fr\/product\/gospel-keys-bits-n-pieces-for-piano-copy-2\/#breadcrumb","itemListElement":[{"@type":"ListItem","position":1,"name":"Shop","item":"https:\/\/www.zebemusic.com\/fr\/shop\/"},{"@type":"ListItem","position":2,"name":"Amazing Grace (Piano) \u2b07\ufe0f"}]},{"@type":"WebSite","@id":"https:\/\/www.zebemusic.com\/de\/#website","url":"https:\/\/www.zebemusic.com\/de\/","name":"ZebeMusic","description":"vous incite a chanter.","publisher":{"@id":"https:\/\/www.zebemusic.com\/de\/#organization"},"alternateName":"Gospelnoten & Kindermusicals","potentialAction":[{"@type":"SearchAction","target":{"@type":"EntryPoint","urlTemplate":"https:\/\/www.zebemusic.com\/de\/?s={search_term_string}"},"query-input":{"@type":"PropertyValueSpecification","valueRequired":true,"valueName":"search_term_string"}}],"inLanguage":"fr-FR"},{"@type":"Organization","@id":"https:\/\/www.zebemusic.com\/de\/#organization","name":"ZebeMusic","url":"https:\/\/www.zebemusic.com\/de\/","logo":{"@type":"ImageObject","inLanguage":"fr-FR","@id":"https:\/\/www.zebemusic.com\/de\/#\/schema\/logo\/image\/","url":"https:\/\/www.zebemusic.com\/wp-content\/uploads\/2025\/10\/ZEBE-Logo_ZW-makesyousing.jpg","contentUrl":"https:\/\/www.zebemusic.com\/wp-content\/uploads\/2025\/10\/ZEBE-Logo_ZW-makesyousing.jpg","width":2212,"height":958,"caption":"ZebeMusic"},"image":{"@id":"https:\/\/www.zebemusic.com\/de\/#\/schema\/logo\/image\/"},"sameAs":["https:\/\/www.facebook.com\/zebemusic","https:\/\/www.instagram.com\/zebemusic","https:\/\/www.youtube.com\/zebemusicberlin"]}]}},"_links":{"self":[{"href":"https:\/\/www.zebemusic.com\/fr\/wp-json\/wp\/v2\/product\/31666","targetHints":{"allow":["GET"]}}],"collection":[{"href":"https:\/\/www.zebemusic.com\/fr\/wp-json\/wp\/v2\/product"}],"about":[{"href":"https:\/\/www.zebemusic.com\/fr\/wp-json\/wp\/v2\/types\/product"}],"wp:featuredmedia":[{"embeddable":true,"href":"https:\/\/www.zebemusic.com\/fr\/wp-json\/wp\/v2\/media\/31627"}],"wp:attachment":[{"href":"https:\/\/www.zebemusic.com\/fr\/wp-json\/wp\/v2\/media?parent=31666"}],"wp:term":[{"taxonomy":"product_brand","embeddable":true,"href":"https:\/\/www.zebemusic.com\/fr\/wp-json\/wp\/v2\/product_brand?post=31666"},{"taxonomy":"product_cat","embeddable":true,"href":"https:\/\/www.zebemusic.com\/fr\/wp-json\/wp\/v2\/product_cat?post=31666"},{"taxonomy":"product_tag","embeddable":true,"href":"https:\/\/www.zebemusic.com\/fr\/wp-json\/wp\/v2\/product_tag?post=31666"}],"curies":[{"name":"wp","href":"https:\/\/api.w.org\/{rel}","templated":true}]}}